{"id":7835,"date":"2025-03-20T12:23:38","date_gmt":"2025-03-20T11:23:38","guid":{"rendered":"https:\/\/zebrafari.de\/?page_id=7835"},"modified":"2025-05-21T22:35:18","modified_gmt":"2025-05-21T20:35:18","slug":"rezension","status":"publish","type":"page","link":"https:\/\/zebrafari.de\/en\/kontakt\/rezension\/","title":{"rendered":"Rezension"},"content":{"rendered":"\t\t<div data-elementor-type=\"wp-page\" data-elementor-id=\"7835\" class=\"elementor elementor-7835\" data-elementor-post-type=\"page\">\n\t\t\t\t\t\t<section class=\"elementor-section elementor-top-section elementor-element elementor-element-80211f7 elementor-section-full_width elementor-section-height-default elementor-section-height-default\" data-id=\"80211f7\" data-element_type=\"section\" data-e-type=\"section\">\n\t\t\t\t\t\t\t<div class=\"elementor-background-overlay\"><\/div>\n\t\t\t\t\t\t\t<div class=\"elementor-container elementor-column-gap-default\">\n\t\t\t\t\t<div class=\"elementor-column elementor-col-100 elementor-top-column elementor-element elementor-element-792412e\" data-id=\"792412e\" data-element_type=\"column\" data-e-type=\"column\" data-settings=\"{&quot;background_background&quot;:&quot;classic&quot;}\">\n\t\t\t<div class=\"elementor-widget-wrap elementor-element-populated\">\n\t\t\t\t\t\t<div class=\"elementor-element elementor-element-3af5d76 elementor--h-position-center elementor--v-position-middle elementor-arrows-position-inside elementor-pagination-position-inside elementor-widget elementor-widget-slides\" data-id=\"3af5d76\" data-element_type=\"widget\" data-e-type=\"widget\" data-settings=\"{&quot;transition&quot;:&quot;fade&quot;,&quot;_animation&quot;:&quot;none&quot;,&quot;transition_speed&quot;:1500,&quot;navigation&quot;:&quot;both&quot;,&quot;infinite&quot;:&quot;yes&quot;}\" data-widget_type=\"slides.default\">\n\t\t\t\t<div class=\"elementor-widget-container\">\n\t\t\t\t\t\t\t\t\t<div class=\"elementor-swiper\">\n\t\t\t\t\t<div class=\"elementor-slides-wrapper elementor-main-swiper swiper\" role=\"region\" aria-roledescription=\"carousel\" aria-label=\"Slider\" dir=\"ltr\" data-animation=\"\">\n\t\t\t\t<div class=\"swiper-wrapper elementor-slides\">\n\t\t\t\t\t\t\t\t\t\t<div class=\"elementor-repeater-item-5162f37 swiper-slide\" role=\"group\" aria-roledescription=\"slide\"><div class=\"swiper-slide-bg\" role=\"img\" aria-label=\"Safari auf der Uganda-Tour\"><\/div><a class=\"swiper-slide-inner\" href=\"https:\/\/zebrafari.de\/kontakt\/rezension\/\"><div class=\"swiper-slide-contents\"><div class=\"elementor-slide-heading\">Rezension erstellen<\/div><div class=\"elementor-slide-description\">Deine Rezension \/ Kundenreferenz\u200b<\/div><\/div><\/a><\/div>\t\t\t\t<\/div>\n\t\t\t\t\t\t\t<\/div>\n\t\t\t\t<\/div>\n\t\t\t\t\t\t\t\t<\/div>\n\t\t\t\t<\/div>\n\t\t\t\t\t<\/div>\n\t\t<\/div>\n\t\t\t\t\t<\/div>\n\t\t<\/section>\n\t\t\t\t<section class=\"elementor-section elementor-top-section elementor-element elementor-element-f063e36 elementor-section-boxed elementor-section-height-default elementor-section-height-default\" data-id=\"f063e36\" data-element_type=\"section\" data-e-type=\"section\">\n\t\t\t\t\t\t<div class=\"elementor-container elementor-column-gap-default\">\n\t\t\t\t\t<div class=\"elementor-column elementor-col-100 elementor-top-column elementor-element elementor-element-1edf592\" data-id=\"1edf592\" data-element_type=\"column\" data-e-type=\"column\">\n\t\t\t<div class=\"elementor-widget-wrap elementor-element-populated\">\n\t\t\t\t\t\t<div class=\"elementor-element elementor-element-16a1eb4 elementor-widget elementor-widget-image-box\" data-id=\"16a1eb4\" data-element_type=\"widget\" data-e-type=\"widget\" data-widget_type=\"image-box.default\">\n\t\t\t\t<div class=\"elementor-widget-container\">\n\t\t\t\t\t<div class=\"elementor-image-box-wrapper\"><div class=\"elementor-image-box-content\"><p class=\"elementor-image-box-description\">Wir freuen uns auf deine Beurteilung in Form einer Rezension \/ Kundenreferenz.\n<br>\nBitte sende uns entweder direkt eine Mail zusammen mit einem Foto deiner Wahl an <strong>\n<a href=\"mailto:office@zebrafari.de\">office@zebrafari.de<\/a>\n<\/strong> oder verwende das Formular unten.\n<br><br>\nVielen Dank im Voraus, das zebrafari Team\n<\/p><\/div><\/div>\t\t\t\t<\/div>\n\t\t\t\t<\/div>\n\t\t\t\t\t<\/div>\n\t\t<\/div>\n\t\t\t\t\t<\/div>\n\t\t<\/section>\n\t\t\t\t<section class=\"elementor-section elementor-top-section elementor-element elementor-element-d1e4463 elementor-section-boxed elementor-section-height-default elementor-section-height-default\" data-id=\"d1e4463\" data-element_type=\"section\" data-e-type=\"section\">\n\t\t\t\t\t\t<div class=\"elementor-container elementor-column-gap-default\">\n\t\t\t\t\t<div class=\"elementor-column elementor-col-100 elementor-top-column elementor-element elementor-element-ba5775b\" data-id=\"ba5775b\" data-element_type=\"column\" data-e-type=\"column\">\n\t\t\t<div class=\"elementor-widget-wrap elementor-element-populated\">\n\t\t\t\t\t\t<div class=\"elementor-element elementor-element-a59adb0 elementor-widget-divider--view-line_text elementor-widget-divider--element-align-center elementor-widget elementor-widget-divider\" data-id=\"a59adb0\" data-element_type=\"widget\" data-e-type=\"widget\" id=\"kontakt\" data-widget_type=\"divider.default\">\n\t\t\t\t<div class=\"elementor-widget-container\">\n\t\t\t\t\t\t\t<div class=\"elementor-divider\">\n\t\t\t<span class=\"elementor-divider-separator\">\n\t\t\t\t\t\t\t<span class=\"elementor-divider__text elementor-divider__element\">\n\t\t\t\t\u00b7 Rezension \/ Kudenreferenz \u00b7\t\t\t\t<\/span>\n\t\t\t\t\t\t<\/span>\n\t\t<\/div>\n\t\t\t\t\t\t<\/div>\n\t\t\t\t<\/div>\n\t\t\t\t\t<\/div>\n\t\t<\/div>\n\t\t\t\t\t<\/div>\n\t\t<\/section>\n\t\t\t\t<section class=\"elementor-section elementor-top-section elementor-element elementor-element-f691bde elementor-section-boxed elementor-section-height-default elementor-section-height-default\" data-id=\"f691bde\" data-element_type=\"section\" data-e-type=\"section\">\n\t\t\t\t\t\t<div class=\"elementor-container elementor-column-gap-default\">\n\t\t\t\t\t<div class=\"elementor-column elementor-col-100 elementor-top-column elementor-element elementor-element-9ab9adc\" data-id=\"9ab9adc\" data-element_type=\"column\" data-e-type=\"column\">\n\t\t\t<div class=\"elementor-widget-wrap elementor-element-populated\">\n\t\t\t\t\t\t<div class=\"elementor-element elementor-element-17727cf fluent-form-widget-step-header-yes fluent-form-widget-step-progressbar-yes fluentform-widget-submit-button-custom elementor-widget elementor-widget-fluent-form-widget\" data-id=\"17727cf\" data-element_type=\"widget\" data-e-type=\"widget\" data-widget_type=\"fluent-form-widget.default\">\n\t\t\t\t<div class=\"elementor-widget-container\">\n\t\t\t\t\t\n            <div class=\"fluentform-widget-wrapper fluentform-widget-align-default\">\n\n            \n            <div class='fluentform ff-default fluentform_wrapper_37 ffs_default_wrap'><form data-form_id=\"37\" id=\"fluentform_37\" class=\"frm-fluent-form fluent_form_37 ff-el-form-top ff_form_instance_37_1 ff-form-loading ffs_default\" data-form_instance=\"ff_form_instance_37_1\" method=\"POST\" ><fieldset  style=\"border: none!important;margin: 0!important;padding: 0!important;background-color: transparent!important;box-shadow: none!important;outline: none!important; min-inline-size: 100%;\">\n                    <legend class=\"ff_screen_reader_title\" style=\"display: block; margin: 0!important;padding: 0!important;height: 0!important;text-indent: -999999px;width: 0!important;overflow:hidden;\">Kontaktformular Rezension (#37)<\/legend><input type='hidden' name='__fluent_form_embded_post_id' value='7835' \/><input type=\"hidden\" id=\"_fluentform_37_fluentformnonce\" name=\"_fluentform_37_fluentformnonce\" value=\"81c03bbcfb\" \/><input type=\"hidden\" name=\"_wp_http_referer\" value=\"\/en\/wp-json\/wp\/v2\/pages\/7835\" \/><div data-name=\"ff_cn_id_1\"  class='ff-t-container ff-column-container ff_columns_total_2 '><div class='ff-t-cell ff-t-column-1' style='flex-basis: 50%;'><div data-type=\"name-element\" data-name=\"user_firstname\" class=\" ff-field_container ff-name-field-wrapper\" ><div class='ff-t-container'><div class='ff-t-cell '><div class='ff-el-group'><div class=\"ff-el-input--label ff-el-is-required asterisk-right\"><label for='ff_37_user_firstname_first_name_' id='label_ff_37_user_firstname_first_name_' >Vorname<\/label><\/div><div class='ff-el-input--content'><input type=\"text\" name=\"user_firstname[first_name]\" id=\"ff_37_user_firstname_first_name_\" class=\"ff-el-form-control\" placeholder=\"Vorname\" aria-invalid=\"false\" aria-required=true><\/div><\/div><\/div><\/div><\/div><div class='ff-el-group'><div class=\"ff-el-input--label ff-el-is-required asterisk-right\"><label for='ff_37_user_email' id='label_ff_37_user_email' aria-label=\"E-Mail\">E-Mail<\/label><\/div><div class='ff-el-input--content'><input type=\"email\" name=\"user_email\" id=\"ff_37_user_email\" class=\"ff-el-form-control\" placeholder=\"E-Mail Adresse\" data-name=\"user_email\"  aria-invalid=\"false\" aria-required=true><\/div><\/div><\/div><div class='ff-t-cell ff-t-column-2' style='flex-basis: 50%;'><div data-type=\"name-element\" data-name=\"user_lastname\" class=\" ff-field_container ff-name-field-wrapper\" ><div class='ff-t-container'><div class='ff-t-cell '><div class='ff-el-group'><div class=\"ff-el-input--label ff-el-is-required asterisk-right\"><label for='ff_37_user_lastname_last_name_' id='label_ff_37_user_lastname_last_name_' >Nachname<\/label><\/div><div class='ff-el-input--content'><input type=\"text\" name=\"user_lastname[last_name]\" id=\"ff_37_user_lastname_last_name_\" class=\"ff-el-form-control\" placeholder=\"Nachname\" aria-invalid=\"false\" aria-required=true><\/div><\/div><\/div><\/div><\/div><div class='ff-el-group'><div class=\"ff-el-input--label ff-el-is-required asterisk-right\"><label for='ff_37_user_phone' id='label_ff_37_user_phone' aria-label=\"Telefon\/Mobil\">Telefon\/Mobil<\/label><\/div><div class='ff-el-input--content'><input type=\"text\" name=\"user_phone\" class=\"ff-el-form-control\" placeholder=\"Telefon\" data-name=\"user_phone\" id=\"ff_37_user_phone\"  aria-invalid=\"false\" aria-required=true><\/div><\/div><\/div><\/div><div class='ff-el-group  ff_list_inline'><div class=\"ff-el-input--label ff-el-is-required asterisk-right\"><label   aria-label=\"Ich will...\">Ich will...<\/label><\/div><div class='ff-el-input--content'><div class='ff-el-form-check ff-el-form-check-'><label class='ff-el-form-check-label' for='input_radio_474dc33ab50e74d6a91f9edaf8e2469f'><input  type=\"radio\" name=\"input_radio\" data-name=\"input_radio\" class=\"ff-el-form-check-input ff-el-form-check-radio\" value=\"edit\"  id='input_radio_474dc33ab50e74d6a91f9edaf8e2469f' aria-label='Die Rezension hier schreiben' aria-invalid='false' aria-required=true> <span>Die Rezension hier schreiben<\/span><\/label><\/div><div class='ff-el-form-check ff-el-form-check-'><label class='ff-el-form-check-label' for='input_radio_cd27565db7158d5ad8f04d5ac383379b'><input  type=\"radio\" name=\"input_radio\" data-name=\"input_radio\" class=\"ff-el-form-check-input ff-el-form-check-radio\" value=\"no\"  id='input_radio_cd27565db7158d5ad8f04d5ac383379b' aria-label='Die Inhalte (Text &amp; Foto) als Dateien hochladen' aria-invalid='false' aria-required=true> <span>Die Inhalte (Text &amp; Foto) als Dateien hochladen<\/span><\/label><\/div><\/div><\/div><div class='ff-el-group has-conditions'><div class=\"ff-el-input--label ff-el-is-required asterisk-right\"><label for='ff_37_post_content' id='label_ff_37_post_content' aria-label=\"Inhalt der Rezension \/ Kundenreferenz\">Inhalt der Rezension \/ Kundenreferenz<\/label><\/div><div class='ff-el-input--content'><textarea name=\"post_content\" id=\"ff_37_post_content\" class=\"ff-el-form-control fluentform-post-content\" rows=\"4\" cols=\"2\" data-name=\"post_content\" ><\/textarea><\/div><\/div><div class='ff-el-group has-conditions'><div class=\"ff-el-input--label asterisk-right\"><label for='ff_37_file-upload_1' id='label_ff_37_file-upload_1' aria-label=\"Inhalt der Rezension als Datei\/Dokument hochladen\">Inhalt der Rezension als Datei\/Dokument hochladen<\/label><\/div><div class='ff-el-input--content'><label for='ff_37_file-upload_1' class='ff_file_upload_holder'><span class='ff_upload_btn ff-btn' tabindex='0'>Datei\/Dokument hochladen<\/span> <input type=\"file\" name=\"file-upload\" id=\"ff_37_file-upload_1\" class=\"ff-el-form-control  ff-screen-reader-element\" data-name=\"file-upload\" multiple=\"1\"  aria-invalid='false' aria-required=false><\/label><\/div><\/div><div class='ff-el-group'><div class=\"ff-el-input--label asterisk-right\"><label for='ff_37_foto_upload_1' id='label_ff_37_foto_upload_1' aria-label=\"Foto hochladen\">Foto hochladen<\/label><\/div><div class='ff-el-input--content'><label for='ff_37_foto_upload_1' class='ff_file_upload_holder'><span class='ff_upload_btn ff-btn' tabindex='0'>Foto hochladen<\/span> <input type=\"file\" name=\"foto_upload\" id=\"ff_37_foto_upload_1\" class=\"ff-el-form-control  ff-screen-reader-element\" data-name=\"foto_upload\" multiple=\"1\"  aria-invalid='false' aria-required=false><\/label><\/div><\/div><div class='ff-el-group ff-el-form-top'><div class=\"ff-el-input--label asterisk-right\"><label for='ff_37_contact_message' id='label_ff_37_contact_message' aria-label=\"Kommentar\/Nachricht\">Kommentar\/Nachricht<\/label><\/div><div class='ff-el-input--content'><textarea aria-required=\"false\" aria-labelledby=\"label_ff_37_contact_message\" name=\"contact_message\" id=\"ff_37_contact_message\" class=\"ff-el-form-control\" placeholder=\"Kommentar\/Nachricht\" rows=\"1\" cols=\"2\" data-name=\"contact_message\" ><\/textarea><\/div><\/div><div data-name=\"ff_cn_id_2\"  class='ff-t-container ff-column-container ff_columns_total_2 '><div class='ff-t-cell ff-t-column-1' style='flex-basis: 50%;'><\/div><div class='ff-t-cell ff-t-column-2' style='flex-basis: 50%;'><\/div><\/div><div data-name=\"ff_cn_id_3\"  class='ff-t-container ff-column-container ff_columns_total_2 '><div class='ff-t-cell ff-t-column-1' style='flex-basis: 50%;'><div class='ff-el-group ff-el-form-hide_label'><div class=\"ff-el-input--label ff-el-is-required asterisk-right\"><label   aria-label=\"Ich habe die Datenschutzerkl\u00e4rung gelesen und akzeptiere sie\">Ich habe die Datenschutzerkl\u00e4rung gelesen und akzeptiere sie<\/label><\/div><div class='ff-el-input--content'><div class='ff-el-form-check ff-el-form-check-'><label class='ff-el-form-check-label' for='booking_accept_description_chk_109edc6c56c01d46c5191197d6ee9152'><input  type=\"checkbox\" name=\"booking_accept_description_chk[]\" data-name=\"booking_accept_description_chk\" class=\"ff-el-form-check-input ff-el-form-check-checkbox\" value=\"yes\"  id='booking_accept_description_chk_109edc6c56c01d46c5191197d6ee9152' aria-label='Ich habe die Datenschutzerkl\u00e4rung gelesen und akzeptiere sie' aria-invalid='false' aria-required=true> <span>Ich habe die Datenschutzerkl\u00e4rung gelesen und akzeptiere sie<\/span><\/label><\/div><\/div><\/div><div class='ff-el-group ff-el-form-hide_label'><div class=\"ff-el-input--label asterisk-right\"><label   aria-label=\"Newsletter_Checkbox\">Newsletter_Checkbox<\/label><\/div><div class='ff-el-input--content'><div class='ff-el-form-check ff-el-form-check-'><label class='ff-el-form-check-label' for='newsletter_chk_87befa88770d0e0f5b5fdb931d7ffa71'><input  type=\"checkbox\" name=\"newsletter_chk[]\" data-name=\"newsletter_chk\" class=\"ff-el-form-check-input ff-el-form-check-checkbox\" value=\"newsletter\"  id='newsletter_chk_87befa88770d0e0f5b5fdb931d7ffa71' aria-label='Ich m\u00f6chte den zebrafari Newsletter abonnieren' aria-invalid='false' aria-required=false> <span>Ich m\u00f6chte den zebrafari Newsletter abonnieren<\/span><\/label><\/div><\/div><\/div><\/div><div class='ff-t-cell ff-t-column-2' style='flex-basis: 50%;'><div class='ff-el-group  ff-custom_html' tabindex='-1' data-name=\"custom_html-37_1\" ><p><a style=\"color: #ffffff;background-color: #c61a00;font-size: 16px;border-radius: 5px;text-decoration: none;font-weight: bold;font-style: normal;padding: 0.8rem 1rem;border-color: #0072ff\" href=\"https:\/\/zebrafari.de\/datenschutz\" target=\"_blank\" rel=\"noopener\">Zur Datenschutzerkl\u00e4rung<\/a><\/p><\/div><div class='ff-el-group  ff-custom_html' tabindex='-1' data-name=\"custom_html-37_2\" ><p>(kann jederzeit abbestellt werden)<\/p><\/div><\/div><\/div><div class='ff-el-group ' ><div class='ff-el-input--label'><label>reCaptcha \u00dcberpr\u00fcfung bitte best\u00e4tigen<\/label><\/div><div class='ff-el-input--content'><div data-fluent_id='37' name='g-recaptcha-response'><div\n\t\tdata-sitekey='6Le2lfsfAAAAAHMQFOo8qa4em73F6zZ2U66Tw_Mc'\n\t\tid='fluentform-recaptcha-37-1'\n\t\tclass='ff-el-recaptcha g-recaptcha'\n\t\tdata-callback='fluentFormrecaptchaSuccessCallback'><\/div><\/div><\/div><\/div><div class='ff-el-group ff-text-left ff_submit_btn_wrapper'><button type=\"submit\" class=\"ff-btn ff-btn-submit ff-btn-md ff_btn_style\"  aria-label=\"Senden (submit)\">Senden (submit)<\/button><\/div><\/fieldset><\/form><div id='fluentform_37_errors' class='ff-errors-in-stack ff_form_instance_37_1 ff-form-loading_errors ff_form_instance_37_1_errors'><\/div><\/div>            <script type=\"text\/javascript\">\n                window.fluent_form_ff_form_instance_37_1 = {\"id\":\"37\",\"ajaxUrl\":\"https:\\\/\\\/zebrafari.de\\\/wp-admin\\\/admin-ajax.php\",\"settings\":{\"layout\":{\"labelPlacement\":\"top\",\"helpMessagePlacement\":\"with_label\",\"errorMessagePlacement\":\"inline\",\"asteriskPlacement\":\"asterisk-right\"},\"id\":\"39\",\"restrictions\":{\"denyEmptySubmission\":{\"enabled\":false}}},\"form_instance\":\"ff_form_instance_37_1\",\"form_id_selector\":\"fluentform_37\",\"rules\":{\"user_firstname[first_name]\":{\"required\":{\"value\":true,\"message\":\"Dieses Feld ist erforderlich\",\"global\":false,\"global_message\":\"Dieses Feld ist erforderlich\"}},\"user_firstname[middle_name]\":{\"required\":{\"value\":false,\"message\":\"This field is required\",\"global\":false,\"global_message\":\"Dieses Feld ist erforderlich\"}},\"user_firstname[last_name]\":{\"required\":{\"value\":true,\"message\":\"This field is required\",\"global\":false,\"global_message\":\"Dieses Feld ist erforderlich\"}},\"user_email\":{\"required\":{\"value\":true,\"message\":\"Dieses Feld ist erforderlich\",\"global\":false,\"global_message\":\"Dieses Feld ist erforderlich\"},\"email\":{\"value\":true,\"message\":\"Dieses Feld muss eine g\\u00fcltige E-Mail-Adresse enthalten\",\"global\":false,\"global_message\":\"Dieses Feld muss eine g\\u00fcltige E-Mail-Adresse enthalten\"}},\"user_lastname[first_name]\":{\"required\":{\"value\":false,\"message\":\"This field is required\",\"global\":false,\"global_message\":\"Dieses Feld ist erforderlich\"}},\"user_lastname[middle_name]\":{\"required\":{\"value\":false,\"message\":\"This field is required\",\"global\":false,\"global_message\":\"Dieses Feld ist erforderlich\"}},\"user_lastname[last_name]\":{\"required\":{\"value\":true,\"message\":\"Dieses Feld ist erforderlich\",\"global\":false,\"global_message\":\"Dieses Feld ist erforderlich\"}},\"user_phone\":{\"required\":{\"value\":true,\"message\":\"Dieses Feld ist erforderlich\",\"global\":false,\"global_message\":\"Dieses Feld ist erforderlich\"}},\"input_radio\":{\"required\":{\"value\":true,\"message\":\"Dieses Feld ist erforderlich\",\"global_message\":\"Dieses Feld ist erforderlich\",\"global\":true}},\"post_content\":{\"required\":{\"value\":true,\"global\":true,\"message\":\"Dieses Feld ist erforderlich\",\"global_message\":\"Dieses Feld ist erforderlich\"}},\"file-upload\":{\"required\":{\"value\":false,\"message\":\"Dieses Feld ist erforderlich\",\"global_message\":\"Dieses Feld ist erforderlich\",\"global\":true},\"max_file_size\":{\"value\":10485760,\"_valueFrom\":\"MB\",\"message\":\"Validation fails for maximum file size\",\"global_message\":\"Validation fails for maximum file size\",\"global\":true},\"max_file_count\":{\"value\":1,\"message\":\"Validation fails for maximum file count\",\"global_message\":\"Validation fails for maximum file count\",\"global\":true},\"allowed_file_types\":{\"value\":[\"pdf\",\"doc|ppt|pps|xls|mdb|docx|xlsx|pptx|odt|odp|ods|odg|odc|odb|odf|rtf|txt\",\"csv\"],\"message\":\"Ung\\u00fcltiger Dateityp\",\"global_message\":\"Ung\\u00fcltiger Dateityp\",\"global\":true}},\"foto_upload\":{\"required\":{\"value\":false,\"message\":\"Dieses Feld ist erforderlich\",\"global_message\":\"Dieses Feld ist erforderlich\",\"global\":true},\"max_file_size\":{\"value\":10485760,\"_valueFrom\":\"MB\",\"message\":\"Validation fails for maximum file size\",\"global_message\":\"Validation fails for maximum file size\",\"global\":true},\"max_file_count\":{\"value\":1,\"message\":\"Validation fails for maximum file count\",\"global_message\":\"Validation fails for maximum file count\",\"global\":true},\"allowed_file_types\":{\"value\":[\"jpg|jpeg|gif|png|bmp\"],\"message\":\"Ung\\u00fcltiger Dateityp\",\"global_message\":\"Ung\\u00fcltiger Dateityp\",\"global\":true}},\"contact_message\":{\"required\":{\"value\":false,\"message\":\"This field is required\",\"global\":false,\"global_message\":\"Dieses Feld ist erforderlich\"}},\"booking_accept_description_chk\":{\"required\":{\"value\":true,\"message\":\"Dieses Feld ist erforderlich\",\"global\":false,\"global_message\":\"Dieses Feld ist erforderlich\"}},\"newsletter_chk\":{\"required\":{\"value\":false,\"message\":\"Dieses Feld ist erforderlich\",\"global\":false,\"global_message\":\"Dieses Feld ist erforderlich\"}},\"g-recaptcha-response\":[]},\"debounce_time\":300,\"conditionals\":{\"post_content\":{\"type\":\"any\",\"status\":true,\"conditions\":[{\"field\":\"input_radio\",\"value\":\"edit\",\"operator\":\"=\"}],\"condition_groups\":[{\"rules\":[{\"field\":\"\",\"value\":\"\",\"operator\":\"\"}],\"title\":\"\",\"isEditingTitle\":false,\"isPreviewOpen\":false,\"isGroupOpen\":true}]},\"file-upload\":{\"type\":\"any\",\"status\":true,\"conditions\":[{\"field\":\"input_radio\",\"value\":\"no\",\"operator\":\"=\"}],\"condition_groups\":[{\"rules\":[{\"field\":\"\",\"value\":\"\",\"operator\":\"\"}],\"title\":\"\",\"isEditingTitle\":false,\"isPreviewOpen\":false,\"isGroupOpen\":true}]}}};\n                            <\/script>\n                        <\/div>\n\n            \t\t\t\t<\/div>\n\t\t\t\t<\/div>\n\t\t\t\t\t<\/div>\n\t\t<\/div>\n\t\t\t\t\t<\/div>\n\t\t<\/section>\n\t\t\t\t<\/div>\n\t\t","protected":false},"excerpt":{"rendered":"<p>Rezension erstellenDeine Rezension \/ Kundenreferenz\u200b Wir freuen uns auf deine Beurteilung in Form einer Rezension \/ Kundenreferenz. Bitte sende uns entweder direkt eine Mail zusammen mit einem Foto deiner Wahl an office@zebrafari.de oder verwende das Formular unten. Vielen Dank im Voraus, das zebrafari Team \u00b7 Rezension \/ Kudenreferenz \u00b7 Kontaktformular Rezension (#37) VornameE-MailNachnameTelefon\/MobilIch will&#8230; Die [&hellip;]<\/p>\n","protected":false},"author":1,"featured_media":0,"parent":1368,"menu_order":0,"comment_status":"closed","ping_status":"closed","template":"","meta":{"footnotes":""},"class_list":["post-7835","page","type-page","status-publish","hentry"],"_links":{"self":[{"href":"https:\/\/zebrafari.de\/en\/wp-json\/wp\/v2\/pages\/7835","targetHints":{"allow":["GET"]}}],"collection":[{"href":"https:\/\/zebrafari.de\/en\/wp-json\/wp\/v2\/pages"}],"about":[{"href":"https:\/\/zebrafari.de\/en\/wp-json\/wp\/v2\/types\/page"}],"author":[{"embeddable":true,"href":"https:\/\/zebrafari.de\/en\/wp-json\/wp\/v2\/users\/1"}],"replies":[{"embeddable":true,"href":"https:\/\/zebrafari.de\/en\/wp-json\/wp\/v2\/comments?post=7835"}],"version-history":[{"count":56,"href":"https:\/\/zebrafari.de\/en\/wp-json\/wp\/v2\/pages\/7835\/revisions"}],"predecessor-version":[{"id":8929,"href":"https:\/\/zebrafari.de\/en\/wp-json\/wp\/v2\/pages\/7835\/revisions\/8929"}],"up":[{"embeddable":true,"href":"https:\/\/zebrafari.de\/en\/wp-json\/wp\/v2\/pages\/1368"}],"wp:attachment":[{"href":"https:\/\/zebrafari.de\/en\/wp-json\/wp\/v2\/media?parent=7835"}],"curies":[{"name":"wp","href":"https:\/\/api.w.org\/{rel}","templated":true}]}}