{"id":6620,"date":"2024-03-17T16:40:11","date_gmt":"2024-03-17T15:40:11","guid":{"rendered":"https:\/\/zebrafari.de\/?page_id=6620"},"modified":"2026-03-12T15:00:45","modified_gmt":"2026-03-12T14:00:45","slug":"unsere-leistungen","status":"publish","type":"page","link":"https:\/\/zebrafari.de\/en\/services\/unsere-leistungen\/","title":{"rendered":"Features &amp; services"},"content":{"rendered":"<div data-elementor-type=\"wp-page\" data-elementor-id=\"6620\" class=\"elementor elementor-6620\" data-elementor-post-type=\"page\">\n\t\t\t\t\t\t<section class=\"elementor-section elementor-top-section elementor-element elementor-element-2aac024 elementor-section-full_width elementor-section-height-default elementor-section-height-default\" data-id=\"2aac024\" data-element_type=\"section\" data-e-type=\"section\">\n\t\t\t\t\t\t\t<div class=\"elementor-background-overlay\"><\/div>\n\t\t\t\t\t\t\t<div class=\"elementor-container elementor-column-gap-default\">\n\t\t\t\t\t<div class=\"elementor-column elementor-col-100 elementor-top-column elementor-element elementor-element-b41ac60\" data-id=\"b41ac60\" data-element_type=\"column\" data-e-type=\"column\" data-settings=\"{&quot;background_background&quot;:&quot;classic&quot;}\">\n\t\t\t<div class=\"elementor-widget-wrap elementor-element-populated\">\n\t\t\t\t\t\t<div class=\"elementor-element elementor-element-6bd2241 elementor--h-position-center elementor--v-position-middle elementor-arrows-position-inside elementor-pagination-position-inside elementor-widget elementor-widget-slides\" data-id=\"6bd2241\" data-element_type=\"widget\" data-e-type=\"widget\" data-settings=\"{&quot;transition&quot;:&quot;fade&quot;,&quot;_animation&quot;:&quot;none&quot;,&quot;navigation&quot;:&quot;both&quot;,&quot;infinite&quot;:&quot;yes&quot;,&quot;transition_speed&quot;:500}\" data-widget_type=\"slides.default\">\n\t\t\t\t<div class=\"elementor-widget-container\">\n\t\t\t\t\t\t\t\t\t<div class=\"elementor-swiper\">\n\t\t\t\t\t<div class=\"elementor-slides-wrapper elementor-main-swiper swiper\" role=\"region\" aria-roledescription=\"carousel\" aria-label=\"Slider\" dir=\"ltr\" data-animation=\"\">\n\t\t\t\t<div class=\"swiper-wrapper elementor-slides\">\n\t\t\t\t\t\t\t\t\t\t<div class=\"elementor-repeater-item-142df8e swiper-slide\" role=\"group\" aria-roledescription=\"slide\"><div class=\"swiper-slide-bg\" role=\"img\" aria-label=\"zebrafari Camp am Sambesi\"><\/div><div class=\"swiper-slide-inner\" ><div class=\"swiper-slide-contents\"><div class=\"elementor-slide-heading\">Features &amp; services<\/div><div class=\"elementor-slide-description\">on our tours<\/div><\/div><\/div><\/div>\t\t\t\t<\/div>\n\t\t\t\t\t\t\t<\/div>\n\t\t\t\t<\/div>\n\t\t\t\t\t\t\t\t<\/div>\n\t\t\t\t<\/div>\n\t\t\t\t\t<\/div>\n\t\t<\/div>\n\t\t\t\t\t<\/div>\n\t\t<\/section>\n\t\t\t\t<section class=\"elementor-section elementor-top-section elementor-element elementor-element-c09b06d elementor-section-boxed elementor-section-height-default elementor-section-height-default\" data-id=\"c09b06d\" data-element_type=\"section\" data-e-type=\"section\">\n\t\t\t\t\t\t<div class=\"elementor-container elementor-column-gap-default\">\n\t\t\t\t\t<div class=\"elementor-column elementor-col-100 elementor-top-column elementor-element elementor-element-2d869d0\" data-id=\"2d869d0\" data-element_type=\"column\" data-e-type=\"column\">\n\t\t\t<div class=\"elementor-widget-wrap elementor-element-populated\">\n\t\t\t\t\t\t<div class=\"elementor-element elementor-element-2093f91 elementor-widget-divider--view-line_text elementor-widget-divider--element-align-center elementor-widget elementor-widget-divider\" data-id=\"2093f91\" data-element_type=\"widget\" data-e-type=\"widget\" data-widget_type=\"divider.default\">\n\t\t\t\t<div class=\"elementor-widget-container\">\n\t\t\t\t\t\t\t<div class=\"elementor-divider\">\n\t\t\t<span class=\"elementor-divider-separator\">\n\t\t\t\t\t\t\t<span class=\"elementor-divider__text elementor-divider__element\">\n\t\t\t\tSpecial features\t\t\t\t<\/span>\n\t\t\t\t\t\t<\/span>\n\t\t<\/div>\n\t\t\t\t\t\t<\/div>\n\t\t\t\t<\/div>\n\t\t\t\t<section class=\"elementor-section elementor-inner-section elementor-element elementor-element-6d88bcc elementor-section-boxed elementor-section-height-default elementor-section-height-default\" data-id=\"6d88bcc\" data-element_type=\"section\" data-e-type=\"section\">\n\t\t\t\t\t\t<div class=\"elementor-container elementor-column-gap-default\">\n\t\t\t\t\t<div class=\"elementor-column elementor-col-50 elementor-inner-column elementor-element elementor-element-a49b492\" data-id=\"a49b492\" data-element_type=\"column\" data-e-type=\"column\">\n\t\t\t<div class=\"elementor-widget-wrap elementor-element-populated\">\n\t\t\t\t\t\t<div class=\"elementor-element elementor-element-c0ae447 elementor-widget elementor-widget-heading\" data-id=\"c0ae447\" data-element_type=\"widget\" data-e-type=\"widget\" data-widget_type=\"heading.default\">\n\t\t\t\t<div class=\"elementor-widget-container\">\n\t\t\t\t\t<h3 class=\"elementor-heading-title elementor-size-default\">Accompanied motorcycling<\/h3>\t\t\t\t<\/div>\n\t\t\t\t<\/div>\n\t\t\t\t<div class=\"elementor-element elementor-element-0d2d395 elementor-widget elementor-widget-text-editor\" data-id=\"0d2d395\" data-element_type=\"widget\" data-e-type=\"widget\" data-widget_type=\"text-editor.default\">\n\t\t\t\t<div class=\"elementor-widget-container\">\n\t\t\t\t\t\t\t\t\t<ul><li style=\"text-align: left;\">Good service and driving freedom<\/li><li style=\"text-align: left;\">Driving in a train (single file) only in the city and if necessary<\/li><li style=\"text-align: left;\">Daily briefing (mandatory), evening meeting<\/li><li style=\"text-align: left;\">Like-minded drivers form small groups and drive independently.<\/li><\/ul>\t\t\t\t\t\t\t\t<\/div>\n\t\t\t\t<\/div>\n\t\t\t\t\t<\/div>\n\t\t<\/div>\n\t\t\t\t<div class=\"elementor-column elementor-col-50 elementor-inner-column elementor-element elementor-element-02d7d1e\" data-id=\"02d7d1e\" data-element_type=\"column\" data-e-type=\"column\">\n\t\t\t<div class=\"elementor-widget-wrap elementor-element-populated\">\n\t\t\t\t\t\t<div class=\"elementor-element elementor-element-53d2b0f elementor-widget elementor-widget-heading\" data-id=\"53d2b0f\" data-element_type=\"widget\" data-e-type=\"widget\" data-widget_type=\"heading.default\">\n\t\t\t\t<div class=\"elementor-widget-container\">\n\t\t\t\t\t<h3 class=\"elementor-heading-title elementor-size-default\">container shipping<\/h3>\t\t\t\t<\/div>\n\t\t\t\t<\/div>\n\t\t\t\t<div class=\"elementor-element elementor-element-c647f87 elementor-widget elementor-widget-text-editor\" data-id=\"c647f87\" data-element_type=\"widget\" data-e-type=\"widget\" data-widget_type=\"text-editor.default\">\n\t\t\t\t<div class=\"elementor-widget-container\">\n\t\t\t\t\t\t\t\t\t<ul style=\"text-align: left;\"><li>Loading about 7-9 weeks before departure (depends on tour)<\/li><li style=\"text-align: left;\">First meeting with tour information and getting to know the group with many opportunities for exchange<\/li><li style=\"text-align: left;\">Clarification of many questions about the tour<\/li><li>Camping equipment and protective motorcycle clothing can also be placed in the container.<\/li><\/ul>\t\t\t\t\t\t\t\t<\/div>\n\t\t\t\t<\/div>\n\t\t\t\t\t<\/div>\n\t\t<\/div>\n\t\t\t\t\t<\/div>\n\t\t<\/section>\n\t\t\t\t<section class=\"elementor-section elementor-inner-section elementor-element elementor-element-a71f994 elementor-section-boxed elementor-section-height-default elementor-section-height-default\" data-id=\"a71f994\" data-element_type=\"section\" data-e-type=\"section\">\n\t\t\t\t\t\t<div class=\"elementor-container elementor-column-gap-default\">\n\t\t\t\t\t<div class=\"elementor-column elementor-col-50 elementor-inner-column elementor-element elementor-element-ec613c9\" data-id=\"ec613c9\" data-element_type=\"column\" data-e-type=\"column\">\n\t\t\t<div class=\"elementor-widget-wrap elementor-element-populated\">\n\t\t\t\t\t\t<div class=\"elementor-element elementor-element-6c38ed9 elementor-widget elementor-widget-heading\" data-id=\"6c38ed9\" data-element_type=\"widget\" data-e-type=\"widget\" data-widget_type=\"heading.default\">\n\t\t\t\t<div class=\"elementor-widget-container\">\n\t\t\t\t\t<h3 class=\"elementor-heading-title elementor-size-default\">support vehicle<\/h3>\t\t\t\t<\/div>\n\t\t\t\t<\/div>\n\t\t\t\t<div class=\"elementor-element elementor-element-47c3299 elementor-widget elementor-widget-text-editor\" data-id=\"47c3299\" data-element_type=\"widget\" data-e-type=\"widget\" data-widget_type=\"text-editor.default\">\n\t\t\t\t<div class=\"elementor-widget-container\">\n\t\t\t\t\t\t\t\t\t<ul><li>The &quot;mother ship&quot; transports the camping equipment, spare parts, tools, food, water, fuel &quot;for emergencies&quot;<\/li><li>Telephone connection (also for organization in case of problems)<\/li><li>The experienced crew and support vehicle can take care of for your problem and usually solve it<\/li><\/ul>\t\t\t\t\t\t\t\t<\/div>\n\t\t\t\t<\/div>\n\t\t\t\t\t<\/div>\n\t\t<\/div>\n\t\t\t\t<div class=\"elementor-column elementor-col-50 elementor-inner-column elementor-element elementor-element-a578066\" data-id=\"a578066\" data-element_type=\"column\" data-e-type=\"column\">\n\t\t\t<div class=\"elementor-widget-wrap elementor-element-populated\">\n\t\t\t\t\t\t<div class=\"elementor-element elementor-element-8da9716 elementor-widget elementor-widget-heading\" data-id=\"8da9716\" data-element_type=\"widget\" data-e-type=\"widget\" data-widget_type=\"heading.default\">\n\t\t\t\t<div class=\"elementor-widget-container\">\n\t\t\t\t\t<h3 class=\"elementor-heading-title elementor-size-default\">navigation<\/h3>\t\t\t\t<\/div>\n\t\t\t\t<\/div>\n\t\t\t\t<div class=\"elementor-element elementor-element-af70818 elementor-widget elementor-widget-text-editor\" data-id=\"af70818\" data-element_type=\"widget\" data-e-type=\"widget\" data-widget_type=\"text-editor.default\">\n\t\t\t\t<div class=\"elementor-widget-container\">\n\t\t\t\t\t\t\t\t\t<ul><li>maps<\/li><li>GPS data of the route with meeting points<\/li><li>through GPS routes more safety and at the same time freedom for the whole group!<\/li><li>small groups meet at agreed coordinates<\/li><li>Route options with varying difficulty levels<\/li><\/ul>\t\t\t\t\t\t\t\t<\/div>\n\t\t\t\t<\/div>\n\t\t\t\t\t<\/div>\n\t\t<\/div>\n\t\t\t\t\t<\/div>\n\t\t<\/section>\n\t\t\t\t<div class=\"elementor-element elementor-element-1e95d43 elementor-widget-divider--view-line_text elementor-widget-divider--element-align-center elementor-widget elementor-widget-divider\" data-id=\"1e95d43\" data-element_type=\"widget\" data-e-type=\"widget\" data-widget_type=\"divider.default\">\n\t\t\t\t<div class=\"elementor-widget-container\">\n\t\t\t\t\t\t\t<div class=\"elementor-divider\">\n\t\t\t<span class=\"elementor-divider-separator\">\n\t\t\t\t\t\t\t<span class=\"elementor-divider__text elementor-divider__element\">\n\t\t\t\tServices\t\t\t\t<\/span>\n\t\t\t\t\t\t<\/span>\n\t\t<\/div>\n\t\t\t\t\t\t<\/div>\n\t\t\t\t<\/div>\n\t\t\t\t<section class=\"elementor-section elementor-inner-section elementor-element elementor-element-6fff2d9 elementor-section-boxed elementor-section-height-default elementor-section-height-default\" data-id=\"6fff2d9\" data-element_type=\"section\" data-e-type=\"section\">\n\t\t\t\t\t\t<div class=\"elementor-container elementor-column-gap-default\">\n\t\t\t\t\t<div class=\"elementor-column elementor-col-100 elementor-inner-column elementor-element elementor-element-7227114\" data-id=\"7227114\" data-element_type=\"column\" data-e-type=\"column\">\n\t\t\t<div class=\"elementor-widget-wrap elementor-element-populated\">\n\t\t\t\t\t\t<div class=\"elementor-element elementor-element-d014554 elementor-widget elementor-widget-heading\" data-id=\"d014554\" data-element_type=\"widget\" data-e-type=\"widget\" data-widget_type=\"heading.default\">\n\t\t\t\t<div class=\"elementor-widget-container\">\n\t\t\t\t\t<h3 class=\"elementor-heading-title elementor-size-default\">Included<\/h3>\t\t\t\t<\/div>\n\t\t\t\t<\/div>\n\t\t\t\t<div class=\"elementor-element elementor-element-3427e21 elementor-widget elementor-widget-text-editor\" data-id=\"3427e21\" data-element_type=\"widget\" data-e-type=\"widget\" data-widget_type=\"text-editor.default\">\n\t\t\t\t<div class=\"elementor-widget-container\">\n\t\t\t\t\t\t\t\t\t<ul><li style=\"list-style-type: none;\">\u00a0<\/li><li style=\"text-align: left;\">Support vehicle for equipment, tools etc.<\/li><li style=\"text-align: left;\">Charging options (220 V \/ USB only with external power connection)<\/li><li style=\"text-align: left;\">Luggage transport in the support vehicle<\/li><li style=\"text-align: left;\">Container transport of the motorcycles including basic transport insurance<br \/>\u2013 bitte pr\u00fcfen und ggf. erh\u00f6hen<\/li><li style=\"text-align: left;\">Customs formalities for motorcycles and luggage<\/li><li style=\"text-align: left;\">German and English speaking tour guide<\/li><li style=\"text-align: left;\">Overnight stays in hotel\/guesthouse only at the beginning and possibly at the end of the tour (no entitlement to single rooms!)<\/li><li style=\"text-align: left;\">Breakfast \/ dinner from the galley<\/li><li style=\"text-align: left;\">Campsite fees, including outdoor camps<\/li><li style=\"text-align: left;\">Provision of tools<\/li><li style=\"text-align: left;\">Use of petrol and water canisters<\/li><li style=\"text-align: left;\">Detailed tour information for travel preparation<\/li><li style=\"text-align: left;\">Map material and GPS maps and routes for Garmin<\/li><li style=\"text-align: left;\">Optional route variants with different levels and tracks<\/li><li style=\"text-align: left;\">mostly daily briefing with route information and suggestions<\/li><\/ul><p>\u00a0<\/p>\t\t\t\t\t\t\t\t<\/div>\n\t\t\t\t<\/div>\n\t\t\t\t\t<\/div>\n\t\t<\/div>\n\t\t\t\t\t<\/div>\n\t\t<\/section>\n\t\t\t\t<section class=\"elementor-section elementor-inner-section elementor-element elementor-element-d138464 elementor-section-boxed elementor-section-height-default elementor-section-height-default\" data-id=\"d138464\" data-element_type=\"section\" data-e-type=\"section\">\n\t\t\t\t\t\t<div class=\"elementor-container elementor-column-gap-default\">\n\t\t\t\t\t<div class=\"elementor-column elementor-col-100 elementor-inner-column elementor-element elementor-element-fb7a6bd\" data-id=\"fb7a6bd\" data-element_type=\"column\" data-e-type=\"column\">\n\t\t\t<div class=\"elementor-widget-wrap elementor-element-populated\">\n\t\t\t\t\t\t<div class=\"elementor-element elementor-element-63e0417 elementor-widget elementor-widget-heading\" data-id=\"63e0417\" data-element_type=\"widget\" data-e-type=\"widget\" data-widget_type=\"heading.default\">\n\t\t\t\t<div class=\"elementor-widget-container\">\n\t\t\t\t\t<h3 class=\"elementor-heading-title elementor-size-default\">Not included<\/h3>\t\t\t\t<\/div>\n\t\t\t\t<\/div>\n\t\t\t\t<div class=\"elementor-element elementor-element-837e6cd elementor-widget elementor-widget-text-editor\" data-id=\"837e6cd\" data-element_type=\"widget\" data-e-type=\"widget\" data-widget_type=\"text-editor.default\">\n\t\t\t\t<div class=\"elementor-widget-container\">\n\t\t\t\t\t\t\t\t\t<ul><li>the motorcycle<br \/>\u2013 reliable(!) enduro bike<br \/>\u2013 Suitable tyres (at least for gravel)<br \/>\u2013 lightweight single cylinder bikes up to 200 kg strongly recommended (the lighter, the easier for you)<br \/>\u2013 Travel enduros also suitable for cross-country tours<br \/>\u2013 big machines, boxers etc. on the Namibia and Uganda tours on request (e.g. sand experience!)<br \/>\u2013 300 km km range required<\/li><li>Enduro protective clothing (e.g. helmet, jacket, armor, knee pads, boots, gloves, etc.)<\/li><li>Travel insurance (travel interruption, cancellation, repatriation insurance)<\/li><li>International health insurance<\/li><li>Visas, entry and road tolls<\/li><li>Flights and airport transfers<\/li><li>Surcharges for single rooms in hotels\/guesthouses\/lodges<\/li><li>additional individual hotel stays<\/li><li>Petrol for refueling the motorcycles<\/li><li>Park entrance fees, costs for safaris, balloon rides, etc.<\/li><li>Alcoholic beverages and soft drinks<\/li><li>individual expenses for souvenirs, food etc.<\/li><li>large, very heavy luggage, spare parts only on request (even the truck does not have an infinite amount of space, so please agree who will take what with you!)<\/li><\/ul>\t\t\t\t\t\t\t\t<\/div>\n\t\t\t\t<\/div>\n\t\t\t\t\t<\/div>\n\t\t<\/div>\n\t\t\t\t\t<\/div>\n\t\t<\/section>\n\t\t\t\t<section class=\"elementor-section elementor-inner-section elementor-element elementor-element-6522210 elementor-section-boxed elementor-section-height-default elementor-section-height-default\" data-id=\"6522210\" data-element_type=\"section\" data-e-type=\"section\">\n\t\t\t\t\t\t<div class=\"elementor-container elementor-column-gap-default\">\n\t\t\t\t\t<div class=\"elementor-column elementor-col-100 elementor-inner-column elementor-element elementor-element-e55d795\" data-id=\"e55d795\" data-element_type=\"column\" data-e-type=\"column\">\n\t\t\t<div class=\"elementor-widget-wrap elementor-element-populated\">\n\t\t\t\t\t\t<div class=\"elementor-element elementor-element-f792f8d elementor-widget elementor-widget-heading\" data-id=\"f792f8d\" data-element_type=\"widget\" data-e-type=\"widget\" data-widget_type=\"heading.default\">\n\t\t\t\t<div class=\"elementor-widget-container\">\n\t\t\t\t\t<h3 class=\"elementor-heading-title elementor-size-default\">Please bring your own<\/h3>\t\t\t\t<\/div>\n\t\t\t\t<\/div>\n\t\t\t\t<div class=\"elementor-element elementor-element-e695b91 elementor-widget elementor-widget-text-editor\" data-id=\"e695b91\" data-element_type=\"widget\" data-e-type=\"widget\" data-widget_type=\"text-editor.default\">\n\t\t\t\t<div class=\"elementor-widget-container\">\n\t\t\t\t\t\t\t\t\t<ul><li>Tent, sleeping bag and mat<\/li><li>Other camping gear (pegs, flashlight, etc.)<\/li><li>Photo\/video equipment (including memory cards, batteries etc.)<\/li><li>Toiletries, sun protection (hat, cap, sunscreen etc.)<\/li><li>GPS device (e.g. Garmin) strongly recommended (at least for the &quot;navigators&quot; among you; you will receive GPS maps, coordinates and tracks from us before the tour)<br \/>(GPS Routen\/Tracks und Koordinaten bekommt ihr vor der Tour von uns)<\/li><li>Maps of the individual countries (e.g. Reise Know-How, Tracks4Africa)<\/li><li>see tour book for more information<\/li><\/ul>\t\t\t\t\t\t\t\t<\/div>\n\t\t\t\t<\/div>\n\t\t\t\t\t<\/div>\n\t\t<\/div>\n\t\t\t\t\t<\/div>\n\t\t<\/section>\n\t\t\t\t<div class=\"elementor-element elementor-element-504bdb3 elementor-widget-divider--view-line_text elementor-widget-divider--element-align-center elementor-widget elementor-widget-divider\" data-id=\"504bdb3\" data-element_type=\"widget\" data-e-type=\"widget\" data-widget_type=\"divider.default\">\n\t\t\t\t<div class=\"elementor-widget-container\">\n\t\t\t\t\t\t\t<div class=\"elementor-divider\">\n\t\t\t<span class=\"elementor-divider-separator\">\n\t\t\t\t\t\t\t<span class=\"elementor-divider__text elementor-divider__element\">\n\t\t\t\tminimum requirements\t\t\t\t<\/span>\n\t\t\t\t\t\t<\/span>\n\t\t<\/div>\n\t\t\t\t\t\t<\/div>\n\t\t\t\t<\/div>\n\t\t\t\t<div class=\"elementor-element elementor-element-758aa9d elementor-widget elementor-widget-text-editor\" data-id=\"758aa9d\" data-element_type=\"widget\" data-e-type=\"widget\" data-widget_type=\"text-editor.default\">\n\t\t\t\t<div class=\"elementor-widget-container\">\n\t\t\t\t\t\t\t\t\t<ul><li>Adequate fitness<\/li><li>good health and mental condition<\/li><li>a healthy spirit of adventure (not everything can be planned)<\/li><li>Sufficient riding ability (difficulty S1-S2, off-road\/selective up to S3, for the Namibia tours S2-S3, off-road\/selective up to S4, <a href=\"https:\/\/zebrafari.de\/en\/schwierigkeitsgrade\/\" target=\"_blank\" rel=\"noopener\"><span style=\"color: #e9a424;\">details<\/span><\/a>)<\/li><li>Riding experience on gravel required<\/li><li>Respectful behavior towards country, people and nature<\/li><li>Tolerance for possible surprises on our adventure trips (e.g. delays due to breakdowns or tour changes due to weather changes)<\/li><\/ul>\t\t\t\t\t\t\t\t<\/div>\n\t\t\t\t<\/div>\n\t\t\t\t<div class=\"elementor-element elementor-element-d82a86c elementor-widget elementor-widget-text-editor\" data-id=\"d82a86c\" data-element_type=\"widget\" data-e-type=\"widget\" data-widget_type=\"text-editor.default\">\n\t\t\t\t<div class=\"elementor-widget-container\">\n\t\t\t\t\t\t\t\t\t<p style=\"text-align: center;\">see tour book for more information<\/p>\t\t\t\t\t\t\t\t<\/div>\n\t\t\t\t<\/div>\n\t\t\t\t\t<\/div>\n\t\t<\/div>\n\t\t\t\t\t<\/div>\n\t\t<\/section>\n\t\t\t\t<section class=\"elementor-section elementor-top-section elementor-element elementor-element-8e99bce elementor-section-boxed elementor-section-height-default elementor-section-height-default\" data-id=\"8e99bce\" data-element_type=\"section\" data-e-type=\"section\">\n\t\t\t\t\t\t<div class=\"elementor-container elementor-column-gap-default\">\n\t\t\t\t\t<div class=\"elementor-column elementor-col-100 elementor-top-column elementor-element elementor-element-cf7b1fd\" data-id=\"cf7b1fd\" data-element_type=\"column\" data-e-type=\"column\">\n\t\t\t<div class=\"elementor-widget-wrap elementor-element-populated\">\n\t\t\t\t\t\t<div class=\"elementor-element elementor-element-709b8c9 elementor-view-default elementor-position-block-start elementor-mobile-position-block-start elementor-widget elementor-widget-icon-box\" data-id=\"709b8c9\" data-element_type=\"widget\" data-e-type=\"widget\" data-widget_type=\"icon-box.default\">\n\t\t\t\t<div class=\"elementor-widget-container\">\n\t\t\t\t\t\t\t<div class=\"elementor-icon-box-wrapper\">\n\n\t\t\t\t\t\t<div class=\"elementor-icon-box-icon\">\n\t\t\t\t<a href=\"https:\/\/zebrafari.de\/en\/touren\/\" target=\"_blank\" class=\"elementor-icon\" tabindex=\"-1\" aria-label=\"to the tours\">\n\t\t\t\t<i aria-hidden=\"true\" class=\"fas fa-motorcycle\"><\/i>\t\t\t\t<\/a>\n\t\t\t<\/div>\n\t\t\t\n\t\t\t\t\t\t<div class=\"elementor-icon-box-content\">\n\n\t\t\t\t\t\t\t\t\t<h3 class=\"elementor-icon-box-title\">\n\t\t\t\t\t\t<a href=\"https:\/\/zebrafari.de\/en\/touren\/\" target=\"_blank\" >\n\t\t\t\t\t\t\tto the tours\t\t\t\t\t\t<\/a>\n\t\t\t\t\t<\/h3>\n\t\t\t\t\n\t\t\t\t\n\t\t\t<\/div>\n\t\t\t\n\t\t<\/div>\n\t\t\t\t\t\t<\/div>\n\t\t\t\t<\/div>\n\t\t\t\t\t<\/div>\n\t\t<\/div>\n\t\t\t\t\t<\/div>\n\t\t<\/section>\n\t\t\t\t<\/div>","protected":false},"excerpt":{"rendered":"<p>Besonderheiten &#038; Leistungenbei unseren Touren Besonderheiten Begleitetes Motorradfahren Guter Service und Freiheit beim Fahren Das Fahren im Tross (G\u00e4nsemarsch) nur in der Stadt und falls n\u00f6tig T\u00e4gliches Briefing (Pflicht), abends Treffen gleichgesinnte Fahrer bilden kleine Gruppen und fahren selbstst\u00e4ndig Containerversand Verladung etwa 7-9 Wochen vor Abreise (Tour-abh\u00e4ngig) Erstes Treffen mit Tourinfos und Kennenlernen der Gruppe [&hellip;]<\/p>\n","protected":false},"author":1,"featured_media":0,"parent":258,"menu_order":0,"comment_status":"closed","ping_status":"closed","template":"","meta":{"footnotes":""},"class_list":["post-6620","page","type-page","status-publish","hentry"],"_links":{"self":[{"href":"https:\/\/zebrafari.de\/en\/wp-json\/wp\/v2\/pages\/6620","targetHints":{"allow":["GET"]}}],"collection":[{"href":"https:\/\/zebrafari.de\/en\/wp-json\/wp\/v2\/pages"}],"about":[{"href":"https:\/\/zebrafari.de\/en\/wp-json\/wp\/v2\/types\/page"}],"author":[{"embeddable":true,"href":"https:\/\/zebrafari.de\/en\/wp-json\/wp\/v2\/users\/1"}],"replies":[{"embeddable":true,"href":"https:\/\/zebrafari.de\/en\/wp-json\/wp\/v2\/comments?post=6620"}],"version-history":[{"count":106,"href":"https:\/\/zebrafari.de\/en\/wp-json\/wp\/v2\/pages\/6620\/revisions"}],"predecessor-version":[{"id":10096,"href":"https:\/\/zebrafari.de\/en\/wp-json\/wp\/v2\/pages\/6620\/revisions\/10096"}],"up":[{"embeddable":true,"href":"https:\/\/zebrafari.de\/en\/wp-json\/wp\/v2\/pages\/258"}],"wp:attachment":[{"href":"https:\/\/zebrafari.de\/en\/wp-json\/wp\/v2\/media?parent=6620"}],"curies":[{"name":"wp","href":"https:\/\/api.w.org\/{rel}","templated":true}]}}